{"id":10977,"date":"2016-06-21T09:37:52","date_gmt":"2016-06-21T07:37:52","guid":{"rendered":"http:\/\/weingut-blass.de\/catalog\/?page_id=10977"},"modified":"2019-08-21T11:45:49","modified_gmt":"2019-08-21T09:45:49","slug":"os-plattform","status":"publish","type":"page","link":"https:\/\/weingut-blass.de\/catalog\/?page_id=10977","title":{"rendered":"OS-Plattform"},"content":{"rendered":"<p>Hinweis OS-Plattform<br \/>\n=====================<\/p>\n<p class=\"zitat2\">Die Europ\u00e4ische Kommission stellt eine Plattform f\u00fcr die au\u00dfergerichtliche Online-Streitbeilegung (OS-Plattform) bereit, die unter\u00a0<a href=\"http:\/\/www.ec.europa.eu\/consumers\/odr\">www.ec.europa.eu\/consumers\/odr<\/a>\u00a0aufrufbar ist.<\/p>\n<p class=\"zitat2\">Wir sind weder verpflichtet noch bereit, an dem Streitschlichtungsverfahren teilzunehmen.<\/p>\n<p>&nbsp;<\/p>\n<p>unsere Anschrift und Emailadresse:<br \/>\nWeingut Bla\u00df<br \/>\nErwin Bla\u00df<br \/>\nZellinger Str. 8<br \/>\n97250 Erlabrunn<br \/>\nTel.: 09364-2612<br \/>\nFax: 09364-2712<br \/>\ninfo@weingut-blass.de<\/p>\n","protected":false},"excerpt":{"rendered":"<p>Hinweis OS-Plattform ===================== Die Europ\u00e4ische Kommission stellt eine Plattform f\u00fcr die au\u00dfergerichtliche Online-Streitbeilegung (OS-Plattform) bereit, die unter\u00a0www.ec.europa.eu\/consumers\/odr\u00a0aufrufbar ist. Wir sind weder verpflichtet noch bereit, an dem Streitschlichtungsverfahren teilzunehmen. &nbsp; unsere Anschrift und Emailadresse: Weingut Bla\u00df Erwin Bla\u00df Zellinger Str. 8 97250 Erlabrunn Tel.: 09364-2612 Fax: 09364-2712 info@weingut-blass.de<\/p>\n","protected":false},"author":1,"featured_media":0,"parent":0,"menu_order":0,"comment_status":"closed","ping_status":"closed","template":"","meta":{"footnotes":""},"class_list":["post-10977","page","type-page","status-publish","hentry"],"_links":{"self":[{"href":"https:\/\/weingut-blass.de\/catalog\/index.php?rest_route=\/wp\/v2\/pages\/10977"}],"collection":[{"href":"https:\/\/weingut-blass.de\/catalog\/index.php?rest_route=\/wp\/v2\/pages"}],"about":[{"href":"https:\/\/weingut-blass.de\/catalog\/index.php?rest_route=\/wp\/v2\/types\/page"}],"author":[{"embeddable":true,"href":"https:\/\/weingut-blass.de\/catalog\/index.php?rest_route=\/wp\/v2\/users\/1"}],"replies":[{"embeddable":true,"href":"https:\/\/weingut-blass.de\/catalog\/index.php?rest_route=%2Fwp%2Fv2%2Fcomments&post=10977"}],"version-history":[{"count":4,"href":"https:\/\/weingut-blass.de\/catalog\/index.php?rest_route=\/wp\/v2\/pages\/10977\/revisions"}],"predecessor-version":[{"id":16127,"href":"https:\/\/weingut-blass.de\/catalog\/index.php?rest_route=\/wp\/v2\/pages\/10977\/revisions\/16127"}],"wp:attachment":[{"href":"https:\/\/weingut-blass.de\/catalog\/index.php?rest_route=%2Fwp%2Fv2%2Fmedia&parent=10977"}],"curies":[{"name":"wp","href":"https:\/\/api.w.org\/{rel}","templated":true}]}}