{"id":10981,"date":"2016-06-21T09:44:18","date_gmt":"2016-06-21T07:44:18","guid":{"rendered":"http:\/\/weingut-blass.de\/catalog\/?page_id=10981"},"modified":"2019-08-21T11:45:27","modified_gmt":"2019-08-21T09:45:27","slug":"lieferung-und-zahlung","status":"publish","type":"page","link":"https:\/\/weingut-blass.de\/catalog\/?page_id=10981","title":{"rendered":"Lieferung und Zahlung"},"content":{"rendered":"<p><!-- IBGHTML --><\/p>\n<p><font face=\"Arial\">Der Versand erfolgt auf Rechnung&nbsp;K\u00e4ufers in 6er, 12er oder 15er Kartons.<\/p>\n<p>Besch\u00e4digungen&nbsp;m\u00fcssen sofort beim Paketdienst bzw. Spediteur angezeigt werden.<\/p>\n<p>Versandkosten:<\/p>\n<p>Die Frachtkosten betragen bis zu 15 Flaschen&nbsp;10,&#8211; \u20ac Euro. <br \/>Die Frachtkosten betragen bis 30 Flaschen 18,&#8211; Euro.<br \/>Ab&nbsp;151 Flaschen liefern wir frachtfrei, ab&nbsp;90 Flaschen ist der Versand per Spedition m\u00f6glich <br \/>und Ihr Frachtanteil&nbsp;betr\u00e4gt 35,&#8211; Euro. <br \/>Beim Versand auf deutsche Inseln und ins Ausland wird auf Aufschlag erhoben. Diesen k\u00f6nnen Sie bei uns gerne erfragen.<br \/>Das Angebot ist freibleibend.<\/p>\n<p>Bei Neukunden erfolgt die Lieferung nach Zahlungseingang.<\/p>\n<p><u>Bankverbindung:<br \/><\/u><em>IBAN DE93 7909 0000 0009 7142 60 BIC GENODEF1WU1<\/em><br \/><\/font><\/p>\n","protected":false},"excerpt":{"rendered":"<p>Der Versand erfolgt auf Rechnung&nbsp;K\u00e4ufers in 6er, 12er oder 15er Kartons. Besch\u00e4digungen&nbsp;m\u00fcssen sofort beim Paketdienst bzw. Spediteur angezeigt werden. Versandkosten: Die Frachtkosten betragen bis zu 15 Flaschen&nbsp;10,&#8211; \u20ac Euro. Die Frachtkosten betragen bis 30 Flaschen 18,&#8211; Euro.Ab&nbsp;151 Flaschen liefern wir frachtfrei, ab&nbsp;90 Flaschen ist der Versand per Spedition m\u00f6glich und Ihr Frachtanteil&nbsp;betr\u00e4gt 35,&#8211; Euro. Beim [&hellip;]<\/p>\n","protected":false},"author":1,"featured_media":0,"parent":0,"menu_order":0,"comment_status":"closed","ping_status":"closed","template":"","meta":{"footnotes":""},"class_list":["post-10981","page","type-page","status-publish","hentry"],"_links":{"self":[{"href":"https:\/\/weingut-blass.de\/catalog\/index.php?rest_route=\/wp\/v2\/pages\/10981"}],"collection":[{"href":"https:\/\/weingut-blass.de\/catalog\/index.php?rest_route=\/wp\/v2\/pages"}],"about":[{"href":"https:\/\/weingut-blass.de\/catalog\/index.php?rest_route=\/wp\/v2\/types\/page"}],"author":[{"embeddable":true,"href":"https:\/\/weingut-blass.de\/catalog\/index.php?rest_route=\/wp\/v2\/users\/1"}],"replies":[{"embeddable":true,"href":"https:\/\/weingut-blass.de\/catalog\/index.php?rest_route=%2Fwp%2Fv2%2Fcomments&post=10981"}],"version-history":[{"count":2,"href":"https:\/\/weingut-blass.de\/catalog\/index.php?rest_route=\/wp\/v2\/pages\/10981\/revisions"}],"predecessor-version":[{"id":24422,"href":"https:\/\/weingut-blass.de\/catalog\/index.php?rest_route=\/wp\/v2\/pages\/10981\/revisions\/24422"}],"wp:attachment":[{"href":"https:\/\/weingut-blass.de\/catalog\/index.php?rest_route=%2Fwp%2Fv2%2Fmedia&parent=10981"}],"curies":[{"name":"wp","href":"https:\/\/api.w.org\/{rel}","templated":true}]}}