{"id":38484,"date":"2025-06-27T13:38:18","date_gmt":"2025-06-27T11:38:18","guid":{"rendered":"https:\/\/weingut-blass.de\/catalog\/?product=124042-2024er-erlabrunner-weinsteig-bacchus-kabinett-halbtrocken-075l"},"modified":"2026-04-14T10:51:12","modified_gmt":"2026-04-14T08:51:12","slug":"124042-2024er-erlabrunner-weinsteig-bacchus-kabinett-halbtrocken-075l","status":"publish","type":"product","link":"https:\/\/weingut-blass.de\/catalog\/?product=124042-2024er-erlabrunner-weinsteig-bacchus-kabinett-halbtrocken-075l","title":{"rendered":"124042 &#8212; 2024er Erlabrunner Weinsteig Bacchus Kabinett  halbtrocken 0,75l"},"content":{"rendered":"<div align=\"left\"><font size=\"2\"><br \/><!-- IBGHTML --><!-- IBGHTML -->Frische vielschichtige Frucht nach tropischen Fr\u00fcchten mit angenehmer S\u00fc\u00dfe<br \/> <\/font><\/div>\n<table WIDTH=\"60%\" BORDER=\"0\" align=\"left\" CELLPADDING=\"0\" CELLSPACING=\"0\"><\/p>\n<tr><\/p>\n<td width=\"53%\"><font size=\"-1\">Artikelnummer:<\/font><\/td>\n<td width=\"47%\"><font size=\"-1\"><strong>124042<\/strong><\/font><\/td>\n<p><\/tr>\n<tr><\/p>\n<td><font size=\"-1\">Inhalt<\/font><\/td>\n<td><font size=\"-1\"><strong>0,75 Ltr.<\/strong><\/font><\/td>\n<p><\/tr>\n<tr ALIGN=\"LEFT\"><\/p>\n<td><font size=\"-1\">Preis\/Ltr.<\/font><\/td>\n<td><font size=\"-1\"><strong>8,00 EUR pro Ltr.<\/strong><\/font><\/td>\n<p><\/tr>\n<tr><\/p>\n<td><font size=\"-1\">Weinart:<\/font><\/td>\n<td><font size=\"-1\"><strong>Wei\u00dfwein<\/strong><\/font><\/td>\n<p><\/tr>\n<tr><\/p>\n<td><font size=\"-1\">Qualit&auml;tsstufe<\/font><\/td>\n<td><font size=\"-1\"><strong>Kabinett<\/strong><\/font><\/td>\n<p><\/tr>\n<tr><\/p>\n<td><font size=\"-1\">Rebsorte<\/font><\/td>\n<td><font size=\"-1\"><strong>Bacchus<\/strong><\/font><\/td>\n<p><\/tr>\n<tr>  <\/p>\n<td><font size=\"-1\">Restzuckergehalt<\/font><\/td>\n<p>  <\/p>\n<td><font size=\"-1\"><strong>14,7 g\/Ltr.<\/strong><\/font><\/td>\n<p><\/tr>\n<p><\/p>\n<tr><\/p>\n<td><font size=\"-1\">Alkoholgehalt<\/font><\/td>\n<td><font size=\"-1\"><strong>11,0 Vol. %<\/strong><\/font><\/td>\n<p><\/tr>\n<p><\/p>\n<tr>\n<td><font size=\"-1\">Bio:<\/font><\/td>\n<td><font size=\"-1\"><strong>NEIN<\/strong><\/font><\/td>\n<\/tr>\n<p><\/p>\n<tr>\n<td><font size=\"-1\">vegan:<\/font><\/td>\n<td><font size=\"-1\"><strong>NEIN<\/strong><\/font><\/td>\n<\/tr>\n<p><\/p>\n<tr>\n<td><font size=\"-1\">Ursprungsland:<\/font><\/td>\n<td><font size=\"-1\"><strong>Deutschland<\/strong><\/font><\/td>\n<\/tr>\n<p><\/p>\n<tr>\n<td><font size=\"-1\">enth\u00e4lt Allergene:<\/font><\/td>\n<td><font size=\"-1\"><strong>Sulfite<\/strong><\/font><\/td>\n<\/tr>\n<p><\/table>\n<p>&nbsp;<\/p>\n<p><\/p>\n<p>&nbsp;<\/p>\n<p><\/p>\n<p>&nbsp;<\/p>\n<p><\/p>\n<p><font size=\"-1\" face=\"Arial, Helvetica, sans-serif\">enth\u00e4lt Sulfite<\/font><\/p>\n","protected":false},"excerpt":{"rendered":"<p>Frische vielschichtige Frucht nach tropischen Fr\u00fcchten mit angenehmer S\u00fc\u00dfe Artikelnummer: 124042 Inhalt 0,75 Ltr. Preis\/Ltr. 8,00 EUR pro Ltr. Weinart: Wei\u00dfwein Qualit&auml;tsstufe Kabinett Rebsorte Bacchus Restzuckergehalt 14,7 g\/Ltr. Alkoholgehalt 11,0 Vol. % Bio: NEIN vegan: NEIN Ursprungsland: Deutschland enth\u00e4lt Allergene: Sulfite &nbsp; &nbsp; &nbsp; enth\u00e4lt Sulfite<\/p>\n","protected":false},"featured_media":37719,"comment_status":"open","ping_status":"closed","template":"","meta":[],"product_cat":[3870,3871],"product_tag":[],"class_list":{"0":"post-38484","1":"product","2":"type-product","3":"status-publish","4":"has-post-thumbnail","6":"product_cat-01-weisswein","7":"product_cat-075-l-weisswein","9":"first","10":"instock","11":"taxable","12":"shipping-taxable","13":"purchasable","14":"product-type-simple"},"_links":{"self":[{"href":"https:\/\/weingut-blass.de\/catalog\/index.php?rest_route=\/wp\/v2\/product\/38484"}],"collection":[{"href":"https:\/\/weingut-blass.de\/catalog\/index.php?rest_route=\/wp\/v2\/product"}],"about":[{"href":"https:\/\/weingut-blass.de\/catalog\/index.php?rest_route=\/wp\/v2\/types\/product"}],"replies":[{"embeddable":true,"href":"https:\/\/weingut-blass.de\/catalog\/index.php?rest_route=%2Fwp%2Fv2%2Fcomments&post=38484"}],"wp:featuredmedia":[{"embeddable":true,"href":"https:\/\/weingut-blass.de\/catalog\/index.php?rest_route=\/wp\/v2\/media\/37719"}],"wp:attachment":[{"href":"https:\/\/weingut-blass.de\/catalog\/index.php?rest_route=%2Fwp%2Fv2%2Fmedia&parent=38484"}],"wp:term":[{"taxonomy":"product_cat","embeddable":true,"href":"https:\/\/weingut-blass.de\/catalog\/index.php?rest_route=%2Fwp%2Fv2%2Fproduct_cat&post=38484"},{"taxonomy":"product_tag","embeddable":true,"href":"https:\/\/weingut-blass.de\/catalog\/index.php?rest_route=%2Fwp%2Fv2%2Fproduct_tag&post=38484"}],"curies":[{"name":"wp","href":"https:\/\/api.w.org\/{rel}","templated":true}]}}