{"id":38773,"date":"2026-04-14T10:46:32","date_gmt":"2026-04-14T08:46:32","guid":{"rendered":"https:\/\/weingut-blass.de\/catalog\/?product=124043-2024er-erlabrunner-weinsteig-bacchus-qualitaetswein-halbtrocken-10l"},"modified":"2026-04-14T11:00:11","modified_gmt":"2026-04-14T09:00:11","slug":"124043-2024er-erlabrunner-weinsteig-bacchus-qualitaetswein-halbtrocken-10l","status":"publish","type":"product","link":"https:\/\/weingut-blass.de\/catalog\/?product=124043-2024er-erlabrunner-weinsteig-bacchus-qualitaetswein-halbtrocken-10l","title":{"rendered":"124043 &#8212; 2024er Erlabrunner Weinsteig Bacchus Qualit\u00e4tswein  halbtrocken 1,0l"},"content":{"rendered":"<div align=\"left\"><font size=\"2\"><br \/><!-- IBGHTML --><!-- IBGHTML -->Frische vielschichtige Frucht nach tropischen Fr\u00fcchten mit angenehmer S\u00fc\u00dfe<br \/> <\/font><\/div>\n<table WIDTH=\"60%\" BORDER=\"0\" align=\"left\" CELLPADDING=\"0\" CELLSPACING=\"0\"><\/p>\n<tr><\/p>\n<td width=\"53%\"><font size=\"-1\">Artikelnummer:<\/font><\/td>\n<td width=\"47%\"><font size=\"-1\"><strong>124043<\/strong><\/font><\/td>\n<p><\/tr>\n<tr><\/p>\n<td><font size=\"-1\">Inhalt<\/font><\/td>\n<td><font size=\"-1\"><strong>1,0 Ltr.<\/strong><\/font><\/td>\n<p><\/tr>\n<tr ALIGN=\"LEFT\"><\/p>\n<td><font size=\"-1\">Preis\/Ltr.<\/font><\/td>\n<td><font size=\"-1\"><strong>5,50 EUR pro Ltr.<\/strong><\/font><\/td>\n<p><\/tr>\n<tr><\/p>\n<td><font size=\"-1\">Weinart:<\/font><\/td>\n<td><font size=\"-1\"><strong>Wei\u00dfwein<\/strong><\/font><\/td>\n<p><\/tr>\n<tr><\/p>\n<td><font size=\"-1\">Qualit&auml;tsstufe<\/font><\/td>\n<td><font size=\"-1\"><strong>Qualit\u00e4tswein<\/strong><\/font><\/td>\n<p><\/tr>\n<tr><\/p>\n<td><font size=\"-1\">Rebsorte<\/font><\/td>\n<td><font size=\"-1\"><strong>Bacchus<\/strong><\/font><\/td>\n<p><\/tr>\n<tr>  <\/p>\n<td><font size=\"-1\">Restzuckergehalt<\/font><\/td>\n<p>  <\/p>\n<td><font size=\"-1\"><strong>11,4 g\/Ltr.<\/strong><\/font><\/td>\n<p><\/tr>\n<p><\/p>\n<tr><\/p>\n<td><font size=\"-1\">Alkoholgehalt<\/font><\/td>\n<td><font size=\"-1\"><strong>11,5 Vol. %<\/strong><\/font><\/td>\n<p><\/tr>\n<p><\/p>\n<tr>\n<td><font size=\"-1\">Bio:<\/font><\/td>\n<td><font size=\"-1\"><strong>NEIN<\/strong><\/font><\/td>\n<\/tr>\n<p><\/p>\n<tr>\n<td><font size=\"-1\">vegan:<\/font><\/td>\n<td><font size=\"-1\"><strong>NEIN<\/strong><\/font><\/td>\n<\/tr>\n<p><\/p>\n<tr>\n<td><font size=\"-1\">Ursprungsland:<\/font><\/td>\n<td><font size=\"-1\"><strong>Deutschland<\/strong><\/font><\/td>\n<\/tr>\n<p><\/p>\n<tr>\n<td><font size=\"-1\">enth\u00e4lt Allergene:<\/font><\/td>\n<td><font size=\"-1\"><strong>Sulfite<\/strong><\/font><\/td>\n<\/tr>\n<p><\/table>\n<p>&nbsp;<\/p>\n<p><\/p>\n<p>&nbsp;<\/p>\n<p><\/p>\n<p>&nbsp;<\/p>\n<p><\/p>\n<p><font size=\"-1\" face=\"Arial, Helvetica, sans-serif\">enth\u00e4lt Sulfite<\/font><\/p>\n","protected":false},"excerpt":{"rendered":"<p>Frische vielschichtige Frucht nach tropischen Fr\u00fcchten mit angenehmer S\u00fc\u00dfe Artikelnummer: 124043 Inhalt 1,0 Ltr. Preis\/Ltr. 5,50 EUR pro Ltr. Weinart: Wei\u00dfwein Qualit&auml;tsstufe Qualit\u00e4tswein Rebsorte Bacchus Restzuckergehalt 11,4 g\/Ltr. Alkoholgehalt 11,5 Vol. % Bio: NEIN vegan: NEIN Ursprungsland: Deutschland enth\u00e4lt Allergene: Sulfite &nbsp; &nbsp; &nbsp; enth\u00e4lt Sulfite<\/p>\n","protected":false},"featured_media":38135,"comment_status":"open","ping_status":"closed","template":"","meta":[],"product_cat":[3869,3870],"product_tag":[],"class_list":{"0":"post-38773","1":"product","2":"type-product","3":"status-publish","4":"has-post-thumbnail","6":"product_cat-literflaschen-weisswein","7":"product_cat-01-weisswein","9":"first","10":"instock","11":"taxable","12":"shipping-taxable","13":"purchasable","14":"product-type-simple"},"_links":{"self":[{"href":"https:\/\/weingut-blass.de\/catalog\/index.php?rest_route=\/wp\/v2\/product\/38773"}],"collection":[{"href":"https:\/\/weingut-blass.de\/catalog\/index.php?rest_route=\/wp\/v2\/product"}],"about":[{"href":"https:\/\/weingut-blass.de\/catalog\/index.php?rest_route=\/wp\/v2\/types\/product"}],"replies":[{"embeddable":true,"href":"https:\/\/weingut-blass.de\/catalog\/index.php?rest_route=%2Fwp%2Fv2%2Fcomments&post=38773"}],"wp:featuredmedia":[{"embeddable":true,"href":"https:\/\/weingut-blass.de\/catalog\/index.php?rest_route=\/wp\/v2\/media\/38135"}],"wp:attachment":[{"href":"https:\/\/weingut-blass.de\/catalog\/index.php?rest_route=%2Fwp%2Fv2%2Fmedia&parent=38773"}],"wp:term":[{"taxonomy":"product_cat","embeddable":true,"href":"https:\/\/weingut-blass.de\/catalog\/index.php?rest_route=%2Fwp%2Fv2%2Fproduct_cat&post=38773"},{"taxonomy":"product_tag","embeddable":true,"href":"https:\/\/weingut-blass.de\/catalog\/index.php?rest_route=%2Fwp%2Fv2%2Fproduct_tag&post=38773"}],"curies":[{"name":"wp","href":"https:\/\/api.w.org\/{rel}","templated":true}]}}